{"id":178,"date":"2024-07-16T10:42:19","date_gmt":"2024-07-16T10:42:19","guid":{"rendered":"https:\/\/ateliertourism.pt\/?page_id=178"},"modified":"2026-03-19T18:39:58","modified_gmt":"2026-03-19T18:39:58","slug":"projeto","status":"publish","type":"page","link":"https:\/\/ateliertourism.pt\/en\/projeto\/","title":{"rendered":"Project"},"content":{"rendered":"<div data-elementor-type=\"wp-page\" data-elementor-id=\"178\" class=\"elementor elementor-178\" data-elementor-post-type=\"page\">\n\t\t\t\t<div class=\"elementor-element elementor-element-68b0e232 e-flex e-con-boxed e-con e-parent\" data-id=\"68b0e232\" data-element_type=\"container\" data-e-type=\"container\" data-settings=\"{&quot;background_background&quot;:&quot;classic&quot;}\">\n\t\t\t\t\t<div class=\"e-con-inner\">\n\t\t<div class=\"elementor-element elementor-element-55f94a4b e-con-full e-flex e-con e-child\" data-id=\"55f94a4b\" data-element_type=\"container\" data-e-type=\"container\">\n\t\t\t\t<div class=\"elementor-element elementor-element-29e06673 elementor-widget elementor-widget-text-editor\" data-id=\"29e06673\" data-element_type=\"widget\" data-e-type=\"widget\" data-widget_type=\"text-editor.default\">\n\t\t\t\t<div class=\"elementor-widget-container\">\n\t\t\t\t\t\t\t\t\t<p data-start=\"507\" data-end=\"688\">With a background in Tourism and specialization in Tourism Destination Management, I have developed my career focusing on consulting and strategic development of tourism projects.<\/p><p data-start=\"690\" data-end=\"840\">Over time, it became clear that many businesses in the sector fail not due to a lack of demand, but due to a lack of structure, positioning, and direction.<\/p><p data-start=\"842\" data-end=\"899\">It is from this reality that L\u2019Atelier Tourism was born.<\/p><p data-start=\"842\" data-end=\"899\">\u00a0<\/p>\t\t\t\t\t\t\t\t<\/div>\n\t\t\t\t<\/div>\n\t\t\t\t<\/div>\n\t\t<div class=\"elementor-element elementor-element-33d9dec3 e-con-full e-flex e-con e-child\" data-id=\"33d9dec3\" data-element_type=\"container\" data-e-type=\"container\">\n\t\t\t\t<div class=\"elementor-element elementor-element-7a59486f elementor-widget elementor-widget-image\" data-id=\"7a59486f\" data-element_type=\"widget\" data-e-type=\"widget\" data-widget_type=\"image.default\">\n\t\t\t\t<div class=\"elementor-widget-container\">\n\t\t\t\t\t\t\t\t\t\t\t\t\t\t\t<img fetchpriority=\"high\" decoding=\"async\" width=\"1024\" height=\"1024\" src=\"https:\/\/ateliertourism.pt\/wp-content\/uploads\/Design-sem-nome-56-1024x1024.png\" class=\"attachment-large size-large wp-image-1839\" alt=\"Joana Pereira\" srcset=\"https:\/\/ateliertourism.pt\/wp-content\/uploads\/Design-sem-nome-56-1024x1024.png 1024w, https:\/\/ateliertourism.pt\/wp-content\/uploads\/Design-sem-nome-56-300x300.png 300w, https:\/\/ateliertourism.pt\/wp-content\/uploads\/Design-sem-nome-56-150x150.png 150w, https:\/\/ateliertourism.pt\/wp-content\/uploads\/Design-sem-nome-56-768x768.png 768w, https:\/\/ateliertourism.pt\/wp-content\/uploads\/Design-sem-nome-56-12x12.png 12w, https:\/\/ateliertourism.pt\/wp-content\/uploads\/Design-sem-nome-56.png 1080w\" sizes=\"(max-width: 1024px) 100vw, 1024px\" \/>\t\t\t\t\t\t\t\t\t\t\t\t\t\t\t<\/div>\n\t\t\t\t<\/div>\n\t\t\t\t<\/div>\n\t\t\t\t\t<\/div>\n\t\t\t\t<\/div>\n\t\t<div class=\"elementor-element elementor-element-cae5a2e e-flex e-con-boxed e-con e-parent\" data-id=\"cae5a2e\" data-element_type=\"container\" data-e-type=\"container\">\n\t\t\t\t\t<div class=\"e-con-inner\">\n\t\t\t\t<div class=\"elementor-element elementor-element-ec15cf4 elementor-widget elementor-widget-heading\" data-id=\"ec15cf4\" data-element_type=\"widget\" data-e-type=\"widget\" data-widget_type=\"heading.default\">\n\t\t\t\t<div class=\"elementor-widget-container\">\n\t\t\t\t\t<h2 class=\"elementor-heading-title elementor-size-default\">THE PROJECT<\/h2>\t\t\t\t<\/div>\n\t\t\t\t<\/div>\n\t\t\t\t\t<\/div>\n\t\t\t\t<\/div>\n\t\t<div class=\"elementor-element elementor-element-f099ea3 e-flex e-con-boxed e-con e-parent\" data-id=\"f099ea3\" data-element_type=\"container\" data-e-type=\"container\">\n\t\t\t\t\t<div class=\"e-con-inner\">\n\t\t\t\t<div class=\"elementor-element elementor-element-2ca2fcc elementor-widget elementor-widget-text-editor\" data-id=\"2ca2fcc\" data-element_type=\"widget\" data-e-type=\"widget\" data-widget_type=\"text-editor.default\">\n\t\t\t\t<div class=\"elementor-widget-container\">\n\t\t\t\t\t\t\t\t\t<p data-start=\"967\" data-end=\"1082\">L\u2019Atelier Tourism is a project focused on the strategic development of tourism businesses, products, and destinations.<\/p><p data-start=\"1084\" data-end=\"1205\">More than just generating ideas, the goal is to structure projects based on positioning, identity, and a long-term vision.<\/p><p data-start=\"1207\" data-end=\"1341\">We approach tourism as a system, where product, communication, and experience are interconnected and must be considered in an integrated way.<\/p>\t\t\t\t\t\t\t\t<\/div>\n\t\t\t\t<\/div>\n\t\t\t\t\t<\/div>\n\t\t\t\t<\/div>\n\t\t<div class=\"elementor-element elementor-element-2cd9a43 e-flex e-con-boxed e-con e-parent\" data-id=\"2cd9a43\" data-element_type=\"container\" data-e-type=\"container\">\n\t\t\t\t\t<div class=\"e-con-inner\">\n\t\t\t\t<div class=\"elementor-element elementor-element-ce1c9e5 elementor-widget elementor-widget-heading\" data-id=\"ce1c9e5\" data-element_type=\"widget\" data-e-type=\"widget\" data-widget_type=\"heading.default\">\n\t\t\t\t<div class=\"elementor-widget-container\">\n\t\t\t\t\t<h2 class=\"elementor-heading-title elementor-size-default\">BRAND POSITIONING<\/h2>\t\t\t\t<\/div>\n\t\t\t\t<\/div>\n\t\t\t\t\t<\/div>\n\t\t\t\t<\/div>\n\t\t<div class=\"elementor-element elementor-element-d6f1ad1 e-flex e-con-boxed e-con e-parent\" data-id=\"d6f1ad1\" data-element_type=\"container\" data-e-type=\"container\">\n\t\t\t\t\t<div class=\"e-con-inner\">\n\t\t\t\t<div class=\"elementor-element elementor-element-e3d7f5c elementor-widget elementor-widget-text-editor\" data-id=\"e3d7f5c\" data-element_type=\"widget\" data-e-type=\"widget\" data-widget_type=\"text-editor.default\">\n\t\t\t\t<div class=\"elementor-widget-container\">\n\t\t\t\t\t\t\t\t\t<p data-start=\"1718\" data-end=\"1813\">L\u2019Atelier Tourism positions itself as a strategic consulting brand in the tourism sector.<\/p><p data-start=\"1815\" data-end=\"1984\">We work with accommodation providers, tourism companies, agencies, and developing projects that seek to structure their businesses and grow consistently.<\/p>\t\t\t\t\t\t\t\t<\/div>\n\t\t\t\t<\/div>\n\t\t\t\t\t<\/div>\n\t\t\t\t<\/div>\n\t\t\t\t<\/div>","protected":false},"excerpt":{"rendered":"<p>Com forma\u00e7\u00e3o em Turismo e especializa\u00e7\u00e3o em Gest\u00e3o de Destinos Tur\u00edsticos, desenvolvi o meu percurso com foco na consultoria e no desenvolvimento estrat\u00e9gico de projetos tur\u00edsticos. Ao longo do tempo, tornou-se claro que muitos neg\u00f3cios no setor n\u00e3o falham por falta de procura, mas por falta de estrutura, posicionamento e dire\u00e7\u00e3o. \u00c9 a partir dessa [&hellip;]<\/p>\n","protected":false},"author":1,"featured_media":0,"parent":0,"menu_order":0,"comment_status":"closed","ping_status":"closed","template":"","meta":{"footnotes":""},"class_list":["post-178","page","type-page","status-publish","hentry"],"_links":{"self":[{"href":"https:\/\/ateliertourism.pt\/en\/wp-json\/wp\/v2\/pages\/178","targetHints":{"allow":["GET"]}}],"collection":[{"href":"https:\/\/ateliertourism.pt\/en\/wp-json\/wp\/v2\/pages"}],"about":[{"href":"https:\/\/ateliertourism.pt\/en\/wp-json\/wp\/v2\/types\/page"}],"author":[{"embeddable":true,"href":"https:\/\/ateliertourism.pt\/en\/wp-json\/wp\/v2\/users\/1"}],"replies":[{"embeddable":true,"href":"https:\/\/ateliertourism.pt\/en\/wp-json\/wp\/v2\/comments?post=178"}],"version-history":[{"count":96,"href":"https:\/\/ateliertourism.pt\/en\/wp-json\/wp\/v2\/pages\/178\/revisions"}],"predecessor-version":[{"id":1935,"href":"https:\/\/ateliertourism.pt\/en\/wp-json\/wp\/v2\/pages\/178\/revisions\/1935"}],"wp:attachment":[{"href":"https:\/\/ateliertourism.pt\/en\/wp-json\/wp\/v2\/media?parent=178"}],"curies":[{"name":"wp","href":"https:\/\/api.w.org\/{rel}","templated":true}]}}