{"id":184,"date":"2024-07-16T10:46:06","date_gmt":"2024-07-16T10:46:06","guid":{"rendered":"https:\/\/ateliertourism.pt\/?page_id=184"},"modified":"2024-10-25T13:49:33","modified_gmt":"2024-10-25T13:49:33","slug":"politica-de-privacidade","status":"publish","type":"page","link":"https:\/\/ateliertourism.pt\/en\/politica-de-privacidade\/","title":{"rendered":"Privacy Policy"},"content":{"rendered":"<div data-elementor-type=\"wp-page\" data-elementor-id=\"184\" class=\"elementor elementor-184\" data-elementor-post-type=\"page\">\n\t\t\t\t<div class=\"elementor-element elementor-element-1286527 e-flex e-con-boxed e-con e-parent\" data-id=\"1286527\" data-element_type=\"container\" data-e-type=\"container\">\n\t\t\t\t\t<div class=\"e-con-inner\">\n\t\t\t\t<div class=\"elementor-element elementor-element-732ce244 elementor-widget elementor-widget-text-editor\" data-id=\"732ce244\" data-element_type=\"widget\" data-e-type=\"widget\" data-widget_type=\"text-editor.default\">\n\t\t\t\t<div class=\"elementor-widget-container\">\n\t\t\t\t\t\t\t\t\t\n<h2 class=\"wp-block-heading\">Who we are<\/h2>\n\n\n\n<p><strong class=\"privacy-policy-tutorial\"> <\/strong>Our website address is: https:\/\/ateliertourism.pt is domiciled in Portugal and belongs to Joana Pereira.<\/p>\n\n\n\n<p><strong>Phone number:<\/strong>\u00a0(+351) 91 242 23 22\u00a0&#8211; chamada para a rede m\u00f3vel nacional<br><strong>Email:\u00a0<\/strong>geral@ateliertourism.pt<\/p>\n\n\n\n<p><strong>Legal Form:<\/strong>&nbsp;Individual entrepreneur.<\/p>\n\n\n\n<h2 class=\"wp-block-heading\">2. Information We Collect<\/h2>\n\n\n\n<p>We collect several types of information, including:<\/p>\n\n\n\n<p><strong>Technical information<\/strong>: Browser type, operating system.<\/p>\n\n\n\n<p><strong>Contact information<\/strong>: Name, email, telephone, address.<\/p>\n\n\n\n<p><strong>Usage Information<\/strong>: Data about how you use our website, including visiting time, pages viewed and links clicked.<\/p>\n\n\n\n<h2 class=\"wp-block-heading\">3.How We Use Your Information<\/h2>\n\n\n\n<p>We use your information to:<\/p>\n\n\n\n<p><strong>Marketing<\/strong>: Personalize and improve our marketing communications based on your interests.<\/p>\n\n\n\n<p><strong>Provide and improve our services<\/strong>: We use your data to improve the functionality of our website and the services offered.<\/p>\n\n\n\n<p><strong>Communication<\/strong>: To send you relevant information about our services, updates and promotions.<\/p>\n\n\n\n<h2 class=\"wp-block-heading\">4. Information Sharing<\/h2>\n\n\n\n<p>We do not sell, trade or transfer your personal information to third parties without your consent, except where necessary to:<\/p>\n\n\n\n<p><strong>Legal compliance<\/strong>: We disclose information when required by law or to protect our rights, property or safety.<\/p>\n\n\n\n<p><strong>Service provision<\/strong>: We share information with trusted third parties who help us operate our website and provide our services.<\/p>\n\n\n\n<h2 class=\"wp-block-heading\">5. Cookies<\/h2>\n\n\n\n<p>We use cookies to improve your experience on our website. Cookies are small text files stored on your device that help remember your preferences and personalize content. You can choose to disable cookies through your browser settings.<\/p>\n\n\n\n<h2 class=\"wp-block-heading\">6. Changes to the Privacy Policy<\/h2>\n\n\n\n<p>We reserve the right to update this Privacy Policy at any time.<\/p>\n\n\n\n<p class=\"has-black-color has-text-color has-link-color wp-elements-23fef46ce9267cdb8a36a268ab979b33\">This Privacy Policy was last updated on August 2, 2024.<\/p>\n\t\t\t\t\t\t\t\t<\/div>\n\t\t\t\t<\/div>\n\t\t\t\t\t<\/div>\n\t\t\t\t<\/div>\n\t\t\t\t<\/div>","protected":false},"excerpt":{"rendered":"<p>Quem somos O endere\u00e7o do nosso site \u00e9: https:\/\/ateliertourism.pt est\u00e1 domiciliado em Portugal e pertence a Joana Pereira. Telefone:\u00a0(+351) 91 242 23 22\u00a0&#8211; chamada para a rede m\u00f3vel nacionalE-mail:\u00a0geral@ateliertourism.pt Forma Jur\u00eddica:&nbsp;Empres\u00e1ria em Nome Individual. 2. Informa\u00e7\u00f5es que Recolhemos Recolhemos v\u00e1rios tipos de informa\u00e7\u00f5es, incluindo: Informa\u00e7\u00f5es t\u00e9cnicas: Tipo de navegador, sistema operativo. Informa\u00e7\u00f5es de contacto: Nome, [&hellip;]<\/p>\n","protected":false},"author":1,"featured_media":0,"parent":0,"menu_order":0,"comment_status":"closed","ping_status":"closed","template":"","meta":{"footnotes":""},"class_list":["post-184","page","type-page","status-publish","hentry"],"_links":{"self":[{"href":"https:\/\/ateliertourism.pt\/en\/wp-json\/wp\/v2\/pages\/184","targetHints":{"allow":["GET"]}}],"collection":[{"href":"https:\/\/ateliertourism.pt\/en\/wp-json\/wp\/v2\/pages"}],"about":[{"href":"https:\/\/ateliertourism.pt\/en\/wp-json\/wp\/v2\/types\/page"}],"author":[{"embeddable":true,"href":"https:\/\/ateliertourism.pt\/en\/wp-json\/wp\/v2\/users\/1"}],"replies":[{"embeddable":true,"href":"https:\/\/ateliertourism.pt\/en\/wp-json\/wp\/v2\/comments?post=184"}],"version-history":[{"count":12,"href":"https:\/\/ateliertourism.pt\/en\/wp-json\/wp\/v2\/pages\/184\/revisions"}],"predecessor-version":[{"id":1126,"href":"https:\/\/ateliertourism.pt\/en\/wp-json\/wp\/v2\/pages\/184\/revisions\/1126"}],"wp:attachment":[{"href":"https:\/\/ateliertourism.pt\/en\/wp-json\/wp\/v2\/media?parent=184"}],"curies":[{"name":"wp","href":"https:\/\/api.w.org\/{rel}","templated":true}]}}