{"id":322,"date":"2024-07-18T14:16:36","date_gmt":"2024-07-18T14:16:36","guid":{"rendered":"https:\/\/ateliertourism.pt\/?page_id=322"},"modified":"2026-03-19T18:24:31","modified_gmt":"2026-03-19T18:24:31","slug":"marketing","status":"publish","type":"page","link":"https:\/\/ateliertourism.pt\/en\/marketing\/","title":{"rendered":"Marketing"},"content":{"rendered":"<div data-elementor-type=\"wp-page\" data-elementor-id=\"322\" class=\"elementor elementor-322\" data-elementor-post-type=\"page\">\n\t\t\t\t<div class=\"elementor-element elementor-element-0ae5cbc e-flex e-con-boxed e-con e-parent\" data-id=\"0ae5cbc\" data-element_type=\"container\" data-e-type=\"container\">\n\t\t\t\t\t<div class=\"e-con-inner\">\n\t\t\t\t<div class=\"elementor-element elementor-element-cecc78d elementor-widget elementor-widget-heading\" data-id=\"cecc78d\" data-element_type=\"widget\" data-e-type=\"widget\" data-widget_type=\"heading.default\">\n\t\t\t\t<div class=\"elementor-widget-container\">\n\t\t\t\t\t<h3 class=\"elementor-heading-title elementor-size-default\">Marketing Plan<\/h3>\t\t\t\t<\/div>\n\t\t\t\t<\/div>\n\t\t\t\t\t<\/div>\n\t\t\t\t<\/div>\n\t\t<div class=\"elementor-element elementor-element-af8ca39 e-flex e-con-boxed e-con e-parent\" data-id=\"af8ca39\" data-element_type=\"container\" data-e-type=\"container\">\n\t\t\t\t\t<div class=\"e-con-inner\">\n\t\t\t\t<div class=\"elementor-element elementor-element-16bbaf6 elementor-widget elementor-widget-text-editor\" data-id=\"16bbaf6\" data-element_type=\"widget\" data-e-type=\"widget\" data-widget_type=\"text-editor.default\">\n\t\t\t\t<div class=\"elementor-widget-container\">\n\t\t\t\t\t\t\t\t\t<p data-start=\"299\" data-end=\"385\">Developing marketing plans tailored to the specific needs of your tourism business.<\/p><p data-start=\"387\" data-end=\"518\">More than defining actions, the focus is on structuring a clear strategy, with concrete objectives and aligned with your resources.<\/p><p data-start=\"520\" data-end=\"609\">From diagnosis to implementation, every decision is thoughtfully considered and focused on results.<\/p>\t\t\t\t\t\t\t\t<\/div>\n\t\t\t\t<\/div>\n\t\t\t\t\t<\/div>\n\t\t\t\t<\/div>\n\t\t<div class=\"elementor-element elementor-element-bafe686 e-flex e-con-boxed e-con e-parent\" data-id=\"bafe686\" data-element_type=\"container\" data-e-type=\"container\">\n\t\t\t\t\t<div class=\"e-con-inner\">\n\t\t\t\t<div class=\"elementor-element elementor-element-6555f32 elementor-widget elementor-widget-spacer\" data-id=\"6555f32\" data-element_type=\"widget\" data-e-type=\"widget\" data-widget_type=\"spacer.default\">\n\t\t\t\t<div class=\"elementor-widget-container\">\n\t\t\t\t\t\t\t<div class=\"elementor-spacer\">\n\t\t\t<div class=\"elementor-spacer-inner\"><\/div>\n\t\t<\/div>\n\t\t\t\t\t\t<\/div>\n\t\t\t\t<\/div>\n\t\t\t\t\t<\/div>\n\t\t\t\t<\/div>\n\t\t<div class=\"elementor-element elementor-element-a8ac890 e-flex e-con-boxed e-con e-parent\" data-id=\"a8ac890\" data-element_type=\"container\" data-e-type=\"container\">\n\t\t\t\t\t<div class=\"e-con-inner\">\n\t\t\t\t<div class=\"elementor-element elementor-element-a51c396 elementor-widget elementor-widget-heading\" data-id=\"a51c396\" data-element_type=\"widget\" data-e-type=\"widget\" data-widget_type=\"heading.default\">\n\t\t\t\t<div class=\"elementor-widget-container\">\n\t\t\t\t\t<h3 class=\"elementor-heading-title elementor-size-default\">Digital Strategy<\/h3>\t\t\t\t<\/div>\n\t\t\t\t<\/div>\n\t\t\t\t\t<\/div>\n\t\t\t\t<\/div>\n\t\t<div class=\"elementor-element elementor-element-a0b11b9 e-flex e-con-boxed e-con e-parent\" data-id=\"a0b11b9\" data-element_type=\"container\" data-e-type=\"container\">\n\t\t\t\t\t<div class=\"e-con-inner\">\n\t\t\t\t<div class=\"elementor-element elementor-element-6a14949 elementor-widget elementor-widget-text-editor\" data-id=\"6a14949\" data-element_type=\"widget\" data-e-type=\"widget\" data-widget_type=\"text-editor.default\">\n\t\t\t\t<div class=\"elementor-widget-container\">\n\t\t\t\t\t\t\t\t\t<p data-start=\"658\" data-end=\"758\">Defining a digital strategy aimed at increasing visibility and attracting the right audience.<\/p><p data-start=\"760\" data-end=\"879\">We work in an integrated way. From online presence to how the business positions itself across different channels.<\/p><p data-start=\"881\" data-end=\"944\">More than just being present, the goal is to communicate with management.<\/p>\t\t\t\t\t\t\t\t<\/div>\n\t\t\t\t<\/div>\n\t\t\t\t\t<\/div>\n\t\t\t\t<\/div>\n\t\t<div class=\"elementor-element elementor-element-a7091c2 e-flex e-con-boxed e-con e-parent\" data-id=\"a7091c2\" data-element_type=\"container\" data-e-type=\"container\">\n\t\t\t\t\t<div class=\"e-con-inner\">\n\t\t\t\t<div class=\"elementor-element elementor-element-aa16c35 elementor-widget elementor-widget-spacer\" data-id=\"aa16c35\" data-element_type=\"widget\" data-e-type=\"widget\" data-widget_type=\"spacer.default\">\n\t\t\t\t<div class=\"elementor-widget-container\">\n\t\t\t\t\t\t\t<div class=\"elementor-spacer\">\n\t\t\t<div class=\"elementor-spacer-inner\"><\/div>\n\t\t<\/div>\n\t\t\t\t\t\t<\/div>\n\t\t\t\t<\/div>\n\t\t\t\t\t<\/div>\n\t\t\t\t<\/div>\n\t\t<div class=\"elementor-element elementor-element-4a6ca6a e-flex e-con-boxed e-con e-parent\" data-id=\"4a6ca6a\" data-element_type=\"container\" data-e-type=\"container\">\n\t\t\t\t\t<div class=\"e-con-inner\">\n\t\t\t\t<div class=\"elementor-element elementor-element-498cf9f elementor-widget elementor-widget-heading\" data-id=\"498cf9f\" data-element_type=\"widget\" data-e-type=\"widget\" data-widget_type=\"heading.default\">\n\t\t\t\t<div class=\"elementor-widget-container\">\n\t\t\t\t\t<h3 class=\"elementor-heading-title elementor-size-default\">Copywriting<\/h3>\t\t\t\t<\/div>\n\t\t\t\t<\/div>\n\t\t\t\t\t<\/div>\n\t\t\t\t<\/div>\n\t\t<div class=\"elementor-element elementor-element-de892cf e-flex e-con-boxed e-con e-parent\" data-id=\"de892cf\" data-element_type=\"container\" data-e-type=\"container\">\n\t\t\t\t\t<div class=\"e-con-inner\">\n\t\t\t\t<div class=\"elementor-element elementor-element-e9dbfd5 elementor-widget elementor-widget-text-editor\" data-id=\"e9dbfd5\" data-element_type=\"widget\" data-e-type=\"widget\" data-widget_type=\"text-editor.default\">\n\t\t\t\t<div class=\"elementor-widget-container\">\n\t\t\t\t\t\t\t\t\t<div><div><p>Writing persuasive and captivating texts is an art. Our copywriting services ensure that every word on your website, blog or social media resonates with your audience, converting visitors into customers.<\/p><\/div><\/div>\t\t\t\t\t\t\t\t<\/div>\n\t\t\t\t<\/div>\n\t\t\t\t\t<\/div>\n\t\t\t\t<\/div>\n\t\t<div class=\"elementor-element elementor-element-2efab50 e-flex e-con-boxed e-con e-parent\" data-id=\"2efab50\" data-element_type=\"container\" data-e-type=\"container\">\n\t\t\t\t\t<div class=\"e-con-inner\">\n\t\t\t\t<div class=\"elementor-element elementor-element-407914e elementor-widget elementor-widget-spacer\" data-id=\"407914e\" data-element_type=\"widget\" data-e-type=\"widget\" data-widget_type=\"spacer.default\">\n\t\t\t\t<div class=\"elementor-widget-container\">\n\t\t\t\t\t\t\t<div class=\"elementor-spacer\">\n\t\t\t<div class=\"elementor-spacer-inner\"><\/div>\n\t\t<\/div>\n\t\t\t\t\t\t<\/div>\n\t\t\t\t<\/div>\n\t\t\t\t\t<\/div>\n\t\t\t\t<\/div>\n\t\t<div class=\"elementor-element elementor-element-5b67e6c e-flex e-con-boxed e-con e-parent\" data-id=\"5b67e6c\" data-element_type=\"container\" data-e-type=\"container\">\n\t\t\t\t\t<div class=\"e-con-inner\">\n\t\t\t\t<div class=\"elementor-element elementor-element-5589eb3 elementor-widget elementor-widget-spacer\" data-id=\"5589eb3\" data-element_type=\"widget\" data-e-type=\"widget\" data-widget_type=\"spacer.default\">\n\t\t\t\t<div class=\"elementor-widget-container\">\n\t\t\t\t\t\t\t<div class=\"elementor-spacer\">\n\t\t\t<div class=\"elementor-spacer-inner\"><\/div>\n\t\t<\/div>\n\t\t\t\t\t\t<\/div>\n\t\t\t\t<\/div>\n\t\t\t\t\t<\/div>\n\t\t\t\t<\/div>\n\t\t<div class=\"elementor-element elementor-element-4ff9b5bc e-flex e-con-boxed e-con e-parent\" data-id=\"4ff9b5bc\" data-element_type=\"container\" data-e-type=\"container\">\n\t\t\t\t\t<div class=\"e-con-inner\">\n\t\t\t\t<div class=\"elementor-element elementor-element-68202385 elementor-widget elementor-widget-heading\" data-id=\"68202385\" data-element_type=\"widget\" data-e-type=\"widget\" data-widget_type=\"heading.default\">\n\t\t\t\t<div class=\"elementor-widget-container\">\n\t\t\t\t\t<h2 class=\"elementor-heading-title elementor-size-default\">Redes Sociais - Pacotes<\/h2>\t\t\t\t<\/div>\n\t\t\t\t<\/div>\n\t\t<div class=\"elementor-element elementor-element-369106ad e-con-full e-flex e-con e-child\" data-id=\"369106ad\" data-element_type=\"container\" data-e-type=\"container\">\n\t\t<div class=\"elementor-element elementor-element-5e0abae e-con-full e-flex e-con e-child\" data-id=\"5e0abae\" data-element_type=\"container\" data-e-type=\"container\">\n\t\t\t\t<div class=\"elementor-element elementor-element-799310e0 elementor-cta--layout-image-above elementor-widget__width-inherit elementor-cta--skin-classic elementor-animated-content elementor-widget elementor-widget-call-to-action\" data-id=\"799310e0\" data-element_type=\"widget\" data-e-type=\"widget\" data-widget_type=\"call-to-action.default\">\n\t\t\t\t<div class=\"elementor-widget-container\">\n\t\t\t\t\t\t\t<div class=\"elementor-cta\">\n\t\t\t\t\t<div class=\"elementor-cta__bg-wrapper\">\n\t\t\t\t<div class=\"elementor-cta__bg elementor-bg\" style=\"background-image: url(https:\/\/ateliertourism.pt\/wp-content\/uploads\/Design-sem-nome-1-819x1024.png);\" role=\"img\" aria-label=\"pessoa com um telemovel na m\u00e3o\"><\/div>\n\t\t\t\t<div class=\"elementor-cta__bg-overlay\"><\/div>\n\t\t\t<\/div>\n\t\t\t\t\t\t\t<div class=\"elementor-cta__content\">\n\t\t\t\t\n\t\t\t\t\t\t\t\t\t<h2 class=\"elementor-cta__title elementor-cta__content-item elementor-content-item\">\n\t\t\t\t\t\tContent Ideas for 12 Months (Instagram)\t\t\t\t\t<\/h2>\n\t\t\t\t\n\t\t\t\t\t\t\t\t\t<div class=\"elementor-cta__description elementor-cta__content-item elementor-content-item\">\n\t\t\t\t\t\tCreating a 12-month content plan with suggested themes and approaches tailored to your tourism business.\n\nThis document helps organize communication and ensure consistency over time, avoiding the feeling of \"not knowing what to publish.\"\n\n(56 ideas) <br> Delivery of document in PDF format. <br>\n<b>128\u20ac<\/b>\t\t\t\t\t<\/div>\n\t\t\t\t\n\t\t\t\t\t\t\t<\/div>\n\t\t\t\t\t\t<\/div>\n\t\t\t\t\t\t<\/div>\n\t\t\t\t<\/div>\n\t\t\t\t<\/div>\n\t\t<div class=\"elementor-element elementor-element-6495ba20 e-con-full e-flex e-con e-child\" data-id=\"6495ba20\" data-element_type=\"container\" data-e-type=\"container\">\n\t\t\t\t<div class=\"elementor-element elementor-element-370a2019 elementor-cta--layout-image-above elementor-widget__width-inherit elementor-cta--skin-classic elementor-animated-content elementor-widget elementor-widget-call-to-action\" data-id=\"370a2019\" data-element_type=\"widget\" data-e-type=\"widget\" data-widget_type=\"call-to-action.default\">\n\t\t\t\t<div class=\"elementor-widget-container\">\n\t\t\t\t\t\t\t<div class=\"elementor-cta\">\n\t\t\t\t\t<div class=\"elementor-cta__bg-wrapper\">\n\t\t\t\t<div class=\"elementor-cta__bg elementor-bg\" style=\"background-image: url(https:\/\/ateliertourism.pt\/wp-content\/uploads\/Design-sem-nome-2-819x1024.png);\" role=\"img\" aria-label=\"pessoa a escrever num caderno\"><\/div>\n\t\t\t\t<div class=\"elementor-cta__bg-overlay\"><\/div>\n\t\t\t<\/div>\n\t\t\t\t\t\t\t<div class=\"elementor-cta__content\">\n\t\t\t\t\n\t\t\t\t\t\t\t\t\t<h2 class=\"elementor-cta__title elementor-cta__content-item elementor-content-item\">\n\t\t\t\t\t\tInstagram Growth Strategy\t\t\t\t\t<\/h2>\n\t\t\t\t\n\t\t\t\t\t\t\t\t\t<div class=\"elementor-cta__description elementor-cta__content-item elementor-content-item\">\n\t\t\t\t\t\tDefining a strategy focused on growing your Instagram presence, based on the positioning and objectives of your tourism business.\n\nThis service allows you to identify what is blocking growth and adjust your approach to increase reach, interaction, and attract potential customers.\n\nDelivered in a structured document.  <br> 210\u20ac\t\t\t\t\t<\/div>\n\t\t\t\t\n\t\t\t\t\t\t\t<\/div>\n\t\t\t\t\t\t<\/div>\n\t\t\t\t\t\t<\/div>\n\t\t\t\t<\/div>\n\t\t\t\t<\/div>\n\t\t<div class=\"elementor-element elementor-element-5f0e25ca e-con-full e-flex e-con e-child\" data-id=\"5f0e25ca\" data-element_type=\"container\" data-e-type=\"container\">\n\t\t\t\t<div class=\"elementor-element elementor-element-69ece2c2 elementor-cta--layout-image-above elementor-widget__width-inherit elementor-cta--skin-classic elementor-animated-content elementor-widget elementor-widget-call-to-action\" data-id=\"69ece2c2\" data-element_type=\"widget\" data-e-type=\"widget\" data-widget_type=\"call-to-action.default\">\n\t\t\t\t<div class=\"elementor-widget-container\">\n\t\t\t\t\t\t\t<div class=\"elementor-cta\">\n\t\t\t\t\t<div class=\"elementor-cta__bg-wrapper\">\n\t\t\t\t<div class=\"elementor-cta__bg elementor-bg\" style=\"background-image: url(https:\/\/ateliertourism.pt\/wp-content\/uploads\/Design-sem-nome-3-819x1024.png);\" role=\"img\" aria-label=\"pessoa a pegar no telem\u00f3vel\"><\/div>\n\t\t\t\t<div class=\"elementor-cta__bg-overlay\"><\/div>\n\t\t\t<\/div>\n\t\t\t\t\t\t\t<div class=\"elementor-cta__content\">\n\t\t\t\t\n\t\t\t\t\t\t\t\t\t<h2 class=\"elementor-cta__title elementor-cta__content-item elementor-content-item\">\n\t\t\t\t\t\tInstagram Profile Analysis\t\t\t\t\t<\/h2>\n\t\t\t\t\n\t\t\t\t\t\t\t\t\t<div class=\"elementor-cta__description elementor-cta__content-item elementor-content-item\">\n\t\t\t\t\t\tInstagram profile assessment focusing on message clarity, positioning, and communication consistency.\n\nWe identify areas for improvement and opportunities to make your profile more strategic and aligned with your target audience.\n\nIdeal for those who feel they are communicating effectively but not generating the expected results.<br><b>45\u20ac<\/b>\t\t\t\t\t<\/div>\n\t\t\t\t\n\t\t\t\t\t\t\t<\/div>\n\t\t\t\t\t\t<\/div>\n\t\t\t\t\t\t<\/div>\n\t\t\t\t<\/div>\n\t\t\t\t<\/div>\n\t\t\t\t<\/div>\n\t\t\t\t\t<\/div>\n\t\t\t\t<\/div>\n\t\t\t\t<\/div>","protected":false},"excerpt":{"rendered":"<p>Plano de Marketing Desenvolvimento de planos de marketing ajustados \u00e0 realidade do teu neg\u00f3cio tur\u00edstico. Mais do que definir a\u00e7\u00f5es, o foco est\u00e1 em estruturar uma estrat\u00e9gia clara, com objetivos concretos e alinhada com os teus recursos. Do diagn\u00f3stico \u00e0 implementa\u00e7\u00e3o, cada decis\u00e3o \u00e9 pensada com inten\u00e7\u00e3o e foco em resultados. Estrat\u00e9gia Digital Defini\u00e7\u00e3o de [&hellip;]<\/p>\n","protected":false},"author":1,"featured_media":0,"parent":0,"menu_order":0,"comment_status":"closed","ping_status":"closed","template":"","meta":{"footnotes":""},"class_list":["post-322","page","type-page","status-publish","hentry"],"_links":{"self":[{"href":"https:\/\/ateliertourism.pt\/en\/wp-json\/wp\/v2\/pages\/322","targetHints":{"allow":["GET"]}}],"collection":[{"href":"https:\/\/ateliertourism.pt\/en\/wp-json\/wp\/v2\/pages"}],"about":[{"href":"https:\/\/ateliertourism.pt\/en\/wp-json\/wp\/v2\/types\/page"}],"author":[{"embeddable":true,"href":"https:\/\/ateliertourism.pt\/en\/wp-json\/wp\/v2\/users\/1"}],"replies":[{"embeddable":true,"href":"https:\/\/ateliertourism.pt\/en\/wp-json\/wp\/v2\/comments?post=322"}],"version-history":[{"count":154,"href":"https:\/\/ateliertourism.pt\/en\/wp-json\/wp\/v2\/pages\/322\/revisions"}],"predecessor-version":[{"id":1901,"href":"https:\/\/ateliertourism.pt\/en\/wp-json\/wp\/v2\/pages\/322\/revisions\/1901"}],"wp:attachment":[{"href":"https:\/\/ateliertourism.pt\/en\/wp-json\/wp\/v2\/media?parent=322"}],"curies":[{"name":"wp","href":"https:\/\/api.w.org\/{rel}","templated":true}]}}