{"id":184,"date":"2024-07-16T10:46:06","date_gmt":"2024-07-16T10:46:06","guid":{"rendered":"https:\/\/ateliertourism.pt\/?page_id=184"},"modified":"2024-10-25T13:49:33","modified_gmt":"2024-10-25T13:49:33","slug":"politica-de-privacidade","status":"publish","type":"page","link":"https:\/\/ateliertourism.pt\/pt\/politica-de-privacidade\/","title":{"rendered":"Pol\u00edtica de privacidade"},"content":{"rendered":"\t\t<div data-elementor-type=\"wp-page\" data-elementor-id=\"184\" class=\"elementor elementor-184\" data-elementor-post-type=\"page\">\n\t\t\t\t<div class=\"elementor-element elementor-element-1286527 e-flex e-con-boxed e-con e-parent\" data-id=\"1286527\" data-element_type=\"container\" data-e-type=\"container\">\n\t\t\t\t\t<div class=\"e-con-inner\">\n\t\t\t\t<div class=\"elementor-element elementor-element-732ce244 elementor-widget elementor-widget-text-editor\" data-id=\"732ce244\" data-element_type=\"widget\" data-e-type=\"widget\" data-widget_type=\"text-editor.default\">\n\t\t\t\t<div class=\"elementor-widget-container\">\n\t\t\t\t\t\t\t\t\t\n<h2 class=\"wp-block-heading\">Quem somos<\/h2>\n\n\n\n<p><strong class=\"privacy-policy-tutorial\"> <\/strong>O endere\u00e7o do nosso site \u00e9: https:\/\/ateliertourism.pt est\u00e1 domiciliado em Portugal e pertence a Joana Pereira.<\/p>\n\n\n\n<p><strong>Telefone:<\/strong>\u00a0(+351) 91 242 23 22\u00a0&#8211; chamada para a rede m\u00f3vel nacional<br><strong>E-mail:\u00a0<\/strong>geral@ateliertourism.pt<\/p>\n\n\n\n<p><strong>Forma Jur\u00eddica:<\/strong>&nbsp;Empres\u00e1ria em Nome Individual.<\/p>\n\n\n\n<h2 class=\"wp-block-heading\">2. Informa\u00e7\u00f5es que Recolhemos<\/h2>\n\n\n\n<p>Recolhemos v\u00e1rios tipos de informa\u00e7\u00f5es, incluindo:<\/p>\n\n\n\n<p><strong>Informa\u00e7\u00f5es t\u00e9cnicas<\/strong>:  Tipo de navegador, sistema operativo.<\/p>\n\n\n\n<p><strong>Informa\u00e7\u00f5es de contacto<\/strong>: Nome, e-mail, telefone, endere\u00e7o.<\/p>\n\n\n\n<p><strong>Informa\u00e7\u00f5es de utiliza\u00e7\u00e3o<\/strong>: Dados sobre como utiliza o nosso website, incluindo tempo de visita, p\u00e1ginas visualizadas e links clicados.<\/p>\n\n\n\n<h2 class=\"wp-block-heading\">3.Como Utilizamos as Suas Informa\u00e7\u00f5es<\/h2>\n\n\n\n<p>Utilizamos as suas informa\u00e7\u00f5es para:<\/p>\n\n\n\n<p><strong>Marketing<\/strong>: Personalizar e melhorar a nossa comunica\u00e7\u00e3o de marketing com base nos seus interesses.<\/p>\n\n\n\n<p><strong>Fornecer e melhorar os nossos servi\u00e7os<\/strong>: Utilizamos os seus dados para melhorarmos a funcionalidade do nosso website e os servi\u00e7os oferecidos.<\/p>\n\n\n\n<p><strong>Comunica\u00e7\u00e3o<\/strong>: Enviar-lhe informa\u00e7\u00f5es relevantes sobre os nossos servi\u00e7os, atualiza\u00e7\u00f5es e promo\u00e7\u00f5es.<\/p>\n\n\n\n<h2 class=\"wp-block-heading\">4. Partilha de Informa\u00e7\u00f5es<\/h2>\n\n\n\n<p>N\u00e3o vendemos, trocamos ou transferimos as suas informa\u00e7\u00f5es pessoais para terceiros sem o seu consentimento, exceto nos casos em que tal seja necess\u00e1rio para:<\/p>\n\n\n\n<p><strong>Cumprimento legal<\/strong>: Divulgamos informa\u00e7\u00f5es quando exigido por lei ou para proteger os nossos direitos, propriedade ou seguran\u00e7a.<\/p>\n\n\n\n<p><strong>Fornecimento de servi\u00e7os<\/strong>: Partilhamos informa\u00e7\u00f5es com terceiros de confian\u00e7a que nos ajudam a operar o nosso website e prestar os nossos servi\u00e7os.<\/p>\n\n\n\n<h2 class=\"wp-block-heading\">5. Cookies<\/h2>\n\n\n\n<p>Utilizamos cookies para melhorar a sua experi\u00eancia no nosso website. Os cookies s\u00e3o pequenos ficheiros de texto armazenados no seu dispositivo que ajudam a lembrar as suas prefer\u00eancias e a personalizar o conte\u00fado. Pode optar por desativar os cookies atrav\u00e9s das configura\u00e7\u00f5es do seu navegador.<\/p>\n\n\n\n<h2 class=\"wp-block-heading\">6. Altera\u00e7\u00f5es \u00e0 Pol\u00edtica de Privacidade<\/h2>\n\n\n\n<p>Reservamo-nos o direito de atualizar esta Pol\u00edtica de Privacidade a qualquer momento.<\/p>\n\n\n\n<p class=\"has-black-color has-text-color has-link-color wp-elements-23fef46ce9267cdb8a36a268ab979b33\">Esta Pol\u00edtica de Privacidade foi atualizada pela \u00faltima vez a 02 de agosto de 2024.<\/p>\n\t\t\t\t\t\t\t\t<\/div>\n\t\t\t\t<\/div>\n\t\t\t\t\t<\/div>\n\t\t\t\t<\/div>\n\t\t\t\t<\/div>\n\t\t","protected":false},"excerpt":{"rendered":"<p>Quem somos O endere\u00e7o do nosso site \u00e9: https:\/\/ateliertourism.pt est\u00e1 domiciliado em Portugal e pertence a Joana Pereira. Telefone:\u00a0(+351) 91 242 23 22\u00a0&#8211; chamada para a rede m\u00f3vel nacionalE-mail:\u00a0geral@ateliertourism.pt Forma Jur\u00eddica:&nbsp;Empres\u00e1ria em Nome Individual. 2. Informa\u00e7\u00f5es que Recolhemos Recolhemos v\u00e1rios tipos de informa\u00e7\u00f5es, incluindo: Informa\u00e7\u00f5es t\u00e9cnicas: Tipo de navegador, sistema operativo. Informa\u00e7\u00f5es de contacto: Nome, [&hellip;]<\/p>\n","protected":false},"author":1,"featured_media":0,"parent":0,"menu_order":0,"comment_status":"closed","ping_status":"closed","template":"","meta":{"footnotes":""},"class_list":["post-184","page","type-page","status-publish","hentry"],"_links":{"self":[{"href":"https:\/\/ateliertourism.pt\/pt\/wp-json\/wp\/v2\/pages\/184","targetHints":{"allow":["GET"]}}],"collection":[{"href":"https:\/\/ateliertourism.pt\/pt\/wp-json\/wp\/v2\/pages"}],"about":[{"href":"https:\/\/ateliertourism.pt\/pt\/wp-json\/wp\/v2\/types\/page"}],"author":[{"embeddable":true,"href":"https:\/\/ateliertourism.pt\/pt\/wp-json\/wp\/v2\/users\/1"}],"replies":[{"embeddable":true,"href":"https:\/\/ateliertourism.pt\/pt\/wp-json\/wp\/v2\/comments?post=184"}],"version-history":[{"count":12,"href":"https:\/\/ateliertourism.pt\/pt\/wp-json\/wp\/v2\/pages\/184\/revisions"}],"predecessor-version":[{"id":1126,"href":"https:\/\/ateliertourism.pt\/pt\/wp-json\/wp\/v2\/pages\/184\/revisions\/1126"}],"wp:attachment":[{"href":"https:\/\/ateliertourism.pt\/pt\/wp-json\/wp\/v2\/media?parent=184"}],"curies":[{"name":"wp","href":"https:\/\/api.w.org\/{rel}","templated":true}]}}