{"id":322,"date":"2024-07-18T14:16:36","date_gmt":"2024-07-18T14:16:36","guid":{"rendered":"https:\/\/ateliertourism.pt\/?page_id=322"},"modified":"2026-03-19T18:24:31","modified_gmt":"2026-03-19T18:24:31","slug":"marketing","status":"publish","type":"page","link":"https:\/\/ateliertourism.pt\/pt\/marketing\/","title":{"rendered":"Marketing"},"content":{"rendered":"\t\t<div data-elementor-type=\"wp-page\" data-elementor-id=\"322\" class=\"elementor elementor-322\" data-elementor-post-type=\"page\">\n\t\t\t\t<div class=\"elementor-element elementor-element-0ae5cbc e-flex e-con-boxed e-con e-parent\" data-id=\"0ae5cbc\" data-element_type=\"container\" data-e-type=\"container\">\n\t\t\t\t\t<div class=\"e-con-inner\">\n\t\t\t\t<div class=\"elementor-element elementor-element-cecc78d elementor-widget elementor-widget-heading\" data-id=\"cecc78d\" data-element_type=\"widget\" data-e-type=\"widget\" data-widget_type=\"heading.default\">\n\t\t\t\t<div class=\"elementor-widget-container\">\n\t\t\t\t\t<h3 class=\"elementor-heading-title elementor-size-default\">Plano de Marketing<\/h3>\t\t\t\t<\/div>\n\t\t\t\t<\/div>\n\t\t\t\t\t<\/div>\n\t\t\t\t<\/div>\n\t\t<div class=\"elementor-element elementor-element-af8ca39 e-flex e-con-boxed e-con e-parent\" data-id=\"af8ca39\" data-element_type=\"container\" data-e-type=\"container\">\n\t\t\t\t\t<div class=\"e-con-inner\">\n\t\t\t\t<div class=\"elementor-element elementor-element-16bbaf6 elementor-widget elementor-widget-text-editor\" data-id=\"16bbaf6\" data-element_type=\"widget\" data-e-type=\"widget\" data-widget_type=\"text-editor.default\">\n\t\t\t\t<div class=\"elementor-widget-container\">\n\t\t\t\t\t\t\t\t\t<p data-start=\"299\" data-end=\"385\">Desenvolvimento de planos de marketing ajustados \u00e0 realidade do teu neg\u00f3cio tur\u00edstico.<\/p><p data-start=\"387\" data-end=\"518\">Mais do que definir a\u00e7\u00f5es, o foco est\u00e1 em estruturar uma estrat\u00e9gia clara, com objetivos concretos e alinhada com os teus recursos.<\/p><p data-start=\"520\" data-end=\"609\">Do diagn\u00f3stico \u00e0 implementa\u00e7\u00e3o, cada decis\u00e3o \u00e9 pensada com inten\u00e7\u00e3o e foco em resultados.<\/p>\t\t\t\t\t\t\t\t<\/div>\n\t\t\t\t<\/div>\n\t\t\t\t\t<\/div>\n\t\t\t\t<\/div>\n\t\t<div class=\"elementor-element elementor-element-bafe686 e-flex e-con-boxed e-con e-parent\" data-id=\"bafe686\" data-element_type=\"container\" data-e-type=\"container\">\n\t\t\t\t\t<div class=\"e-con-inner\">\n\t\t\t\t<div class=\"elementor-element elementor-element-6555f32 elementor-widget elementor-widget-spacer\" data-id=\"6555f32\" data-element_type=\"widget\" data-e-type=\"widget\" data-widget_type=\"spacer.default\">\n\t\t\t\t<div class=\"elementor-widget-container\">\n\t\t\t\t\t\t\t<div class=\"elementor-spacer\">\n\t\t\t<div class=\"elementor-spacer-inner\"><\/div>\n\t\t<\/div>\n\t\t\t\t\t\t<\/div>\n\t\t\t\t<\/div>\n\t\t\t\t\t<\/div>\n\t\t\t\t<\/div>\n\t\t<div class=\"elementor-element elementor-element-a8ac890 e-flex e-con-boxed e-con e-parent\" data-id=\"a8ac890\" data-element_type=\"container\" data-e-type=\"container\">\n\t\t\t\t\t<div class=\"e-con-inner\">\n\t\t\t\t<div class=\"elementor-element elementor-element-a51c396 elementor-widget elementor-widget-heading\" data-id=\"a51c396\" data-element_type=\"widget\" data-e-type=\"widget\" data-widget_type=\"heading.default\">\n\t\t\t\t<div class=\"elementor-widget-container\">\n\t\t\t\t\t<h3 class=\"elementor-heading-title elementor-size-default\">Estrat\u00e9gia Digital<\/h3>\t\t\t\t<\/div>\n\t\t\t\t<\/div>\n\t\t\t\t\t<\/div>\n\t\t\t\t<\/div>\n\t\t<div class=\"elementor-element elementor-element-a0b11b9 e-flex e-con-boxed e-con e-parent\" data-id=\"a0b11b9\" data-element_type=\"container\" data-e-type=\"container\">\n\t\t\t\t\t<div class=\"e-con-inner\">\n\t\t\t\t<div class=\"elementor-element elementor-element-6a14949 elementor-widget elementor-widget-text-editor\" data-id=\"6a14949\" data-element_type=\"widget\" data-e-type=\"widget\" data-widget_type=\"text-editor.default\">\n\t\t\t\t<div class=\"elementor-widget-container\">\n\t\t\t\t\t\t\t\t\t<p data-start=\"658\" data-end=\"758\">Defini\u00e7\u00e3o de uma estrat\u00e9gia digital orientada para aumentar a visibilidade e atrair o p\u00fablico certo.<\/p><p data-start=\"760\" data-end=\"879\">Trabalhamos de forma integrada. Desde a presen\u00e7a online at\u00e9 \u00e0 forma como o neg\u00f3cio se posiciona nos diferentes canais.<\/p><p data-start=\"881\" data-end=\"944\">Mais do que estar presente, o objetivo \u00e9 comunicar com dire\u00e7\u00e3o.<\/p>\t\t\t\t\t\t\t\t<\/div>\n\t\t\t\t<\/div>\n\t\t\t\t\t<\/div>\n\t\t\t\t<\/div>\n\t\t<div class=\"elementor-element elementor-element-a7091c2 e-flex e-con-boxed e-con e-parent\" data-id=\"a7091c2\" data-element_type=\"container\" data-e-type=\"container\">\n\t\t\t\t\t<div class=\"e-con-inner\">\n\t\t\t\t<div class=\"elementor-element elementor-element-aa16c35 elementor-widget elementor-widget-spacer\" data-id=\"aa16c35\" data-element_type=\"widget\" data-e-type=\"widget\" data-widget_type=\"spacer.default\">\n\t\t\t\t<div class=\"elementor-widget-container\">\n\t\t\t\t\t\t\t<div class=\"elementor-spacer\">\n\t\t\t<div class=\"elementor-spacer-inner\"><\/div>\n\t\t<\/div>\n\t\t\t\t\t\t<\/div>\n\t\t\t\t<\/div>\n\t\t\t\t\t<\/div>\n\t\t\t\t<\/div>\n\t\t<div class=\"elementor-element elementor-element-4a6ca6a e-flex e-con-boxed e-con e-parent\" data-id=\"4a6ca6a\" data-element_type=\"container\" data-e-type=\"container\">\n\t\t\t\t\t<div class=\"e-con-inner\">\n\t\t\t\t<div class=\"elementor-element elementor-element-498cf9f elementor-widget elementor-widget-heading\" data-id=\"498cf9f\" data-element_type=\"widget\" data-e-type=\"widget\" data-widget_type=\"heading.default\">\n\t\t\t\t<div class=\"elementor-widget-container\">\n\t\t\t\t\t<h3 class=\"elementor-heading-title elementor-size-default\">Copywriting<\/h3>\t\t\t\t<\/div>\n\t\t\t\t<\/div>\n\t\t\t\t\t<\/div>\n\t\t\t\t<\/div>\n\t\t<div class=\"elementor-element elementor-element-de892cf e-flex e-con-boxed e-con e-parent\" data-id=\"de892cf\" data-element_type=\"container\" data-e-type=\"container\">\n\t\t\t\t\t<div class=\"e-con-inner\">\n\t\t\t\t<div class=\"elementor-element elementor-element-e9dbfd5 elementor-widget elementor-widget-text-editor\" data-id=\"e9dbfd5\" data-element_type=\"widget\" data-e-type=\"widget\" data-widget_type=\"text-editor.default\">\n\t\t\t\t<div class=\"elementor-widget-container\">\n\t\t\t\t\t\t\t\t\t<div><div><p>Escrever textos persuasivos e cativantes \u00e9 uma arte. Os nossos servi\u00e7os de copywriting garantem que cada palavra no teu site, blog ou rede social ressoe com o teu p\u00fablico, convertendo visitantes em clientes.<\/p><\/div><\/div>\t\t\t\t\t\t\t\t<\/div>\n\t\t\t\t<\/div>\n\t\t\t\t\t<\/div>\n\t\t\t\t<\/div>\n\t\t<div class=\"elementor-element elementor-element-2efab50 e-flex e-con-boxed e-con e-parent\" data-id=\"2efab50\" data-element_type=\"container\" data-e-type=\"container\">\n\t\t\t\t\t<div class=\"e-con-inner\">\n\t\t\t\t<div class=\"elementor-element elementor-element-407914e elementor-widget elementor-widget-spacer\" data-id=\"407914e\" data-element_type=\"widget\" data-e-type=\"widget\" data-widget_type=\"spacer.default\">\n\t\t\t\t<div class=\"elementor-widget-container\">\n\t\t\t\t\t\t\t<div class=\"elementor-spacer\">\n\t\t\t<div class=\"elementor-spacer-inner\"><\/div>\n\t\t<\/div>\n\t\t\t\t\t\t<\/div>\n\t\t\t\t<\/div>\n\t\t\t\t\t<\/div>\n\t\t\t\t<\/div>\n\t\t<div class=\"elementor-element elementor-element-5b67e6c e-flex e-con-boxed e-con e-parent\" data-id=\"5b67e6c\" data-element_type=\"container\" data-e-type=\"container\">\n\t\t\t\t\t<div class=\"e-con-inner\">\n\t\t\t\t<div class=\"elementor-element elementor-element-5589eb3 elementor-widget elementor-widget-spacer\" data-id=\"5589eb3\" data-element_type=\"widget\" data-e-type=\"widget\" data-widget_type=\"spacer.default\">\n\t\t\t\t<div class=\"elementor-widget-container\">\n\t\t\t\t\t\t\t<div class=\"elementor-spacer\">\n\t\t\t<div class=\"elementor-spacer-inner\"><\/div>\n\t\t<\/div>\n\t\t\t\t\t\t<\/div>\n\t\t\t\t<\/div>\n\t\t\t\t\t<\/div>\n\t\t\t\t<\/div>\n\t\t<div class=\"elementor-element elementor-element-4ff9b5bc e-flex e-con-boxed e-con e-parent\" data-id=\"4ff9b5bc\" data-element_type=\"container\" data-e-type=\"container\">\n\t\t\t\t\t<div class=\"e-con-inner\">\n\t\t\t\t<div class=\"elementor-element elementor-element-68202385 elementor-widget elementor-widget-heading\" data-id=\"68202385\" data-element_type=\"widget\" data-e-type=\"widget\" data-widget_type=\"heading.default\">\n\t\t\t\t<div class=\"elementor-widget-container\">\n\t\t\t\t\t<h2 class=\"elementor-heading-title elementor-size-default\">Redes Sociais - Pacotes<\/h2>\t\t\t\t<\/div>\n\t\t\t\t<\/div>\n\t\t<div class=\"elementor-element elementor-element-369106ad e-con-full e-flex e-con e-child\" data-id=\"369106ad\" data-element_type=\"container\" data-e-type=\"container\">\n\t\t<div class=\"elementor-element elementor-element-5e0abae e-con-full e-flex e-con e-child\" data-id=\"5e0abae\" data-element_type=\"container\" data-e-type=\"container\">\n\t\t\t\t<div class=\"elementor-element elementor-element-799310e0 elementor-cta--layout-image-above elementor-widget__width-inherit elementor-cta--skin-classic elementor-animated-content elementor-widget elementor-widget-call-to-action\" data-id=\"799310e0\" data-element_type=\"widget\" data-e-type=\"widget\" data-widget_type=\"call-to-action.default\">\n\t\t\t\t<div class=\"elementor-widget-container\">\n\t\t\t\t\t\t\t<div class=\"elementor-cta\">\n\t\t\t\t\t<div class=\"elementor-cta__bg-wrapper\">\n\t\t\t\t<div class=\"elementor-cta__bg elementor-bg\" style=\"background-image: url(https:\/\/ateliertourism.pt\/wp-content\/uploads\/Design-sem-nome-1-819x1024.png);\" role=\"img\" aria-label=\"pessoa com um telemovel na m\u00e3o\"><\/div>\n\t\t\t\t<div class=\"elementor-cta__bg-overlay\"><\/div>\n\t\t\t<\/div>\n\t\t\t\t\t\t\t<div class=\"elementor-cta__content\">\n\t\t\t\t\n\t\t\t\t\t\t\t\t\t<h2 class=\"elementor-cta__title elementor-cta__content-item elementor-content-item\">\n\t\t\t\t\t\tIdeias de Conte\u00fado para 12 meses (Instagram)\t\t\t\t\t<\/h2>\n\t\t\t\t\n\t\t\t\t\t\t\t\t\t<div class=\"elementor-cta__description elementor-cta__content-item elementor-content-item\">\n\t\t\t\t\t\tCria\u00e7\u00e3o de um plano de conte\u00fados para 12 meses, com sugest\u00f5es de temas e abordagens adaptadas ao teu neg\u00f3cio tur\u00edstico.\n\nEste documento permite organizar a comunica\u00e7\u00e3o e garantir consist\u00eancia ao longo do tempo, evitando a sensa\u00e7\u00e3o de \u201cn\u00e3o saber o que publicar\u201d.\n\n(56 ideias). <br> Entrega de documento em PDF. <br>\n<b>128\u20ac<\/b>\t\t\t\t\t<\/div>\n\t\t\t\t\n\t\t\t\t\t\t\t<\/div>\n\t\t\t\t\t\t<\/div>\n\t\t\t\t\t\t<\/div>\n\t\t\t\t<\/div>\n\t\t\t\t<\/div>\n\t\t<div class=\"elementor-element elementor-element-6495ba20 e-con-full e-flex e-con e-child\" data-id=\"6495ba20\" data-element_type=\"container\" data-e-type=\"container\">\n\t\t\t\t<div class=\"elementor-element elementor-element-370a2019 elementor-cta--layout-image-above elementor-widget__width-inherit elementor-cta--skin-classic elementor-animated-content elementor-widget elementor-widget-call-to-action\" data-id=\"370a2019\" data-element_type=\"widget\" data-e-type=\"widget\" data-widget_type=\"call-to-action.default\">\n\t\t\t\t<div class=\"elementor-widget-container\">\n\t\t\t\t\t\t\t<div class=\"elementor-cta\">\n\t\t\t\t\t<div class=\"elementor-cta__bg-wrapper\">\n\t\t\t\t<div class=\"elementor-cta__bg elementor-bg\" style=\"background-image: url(https:\/\/ateliertourism.pt\/wp-content\/uploads\/Design-sem-nome-2-819x1024.png);\" role=\"img\" aria-label=\"pessoa a escrever num caderno\"><\/div>\n\t\t\t\t<div class=\"elementor-cta__bg-overlay\"><\/div>\n\t\t\t<\/div>\n\t\t\t\t\t\t\t<div class=\"elementor-cta__content\">\n\t\t\t\t\n\t\t\t\t\t\t\t\t\t<h2 class=\"elementor-cta__title elementor-cta__content-item elementor-content-item\">\n\t\t\t\t\t\tEstrat\u00e9gia de Crescimento para Instagram\t\t\t\t\t<\/h2>\n\t\t\t\t\n\t\t\t\t\t\t\t\t\t<div class=\"elementor-cta__description elementor-cta__content-item elementor-content-item\">\n\t\t\t\t\t\tDefini\u00e7\u00e3o de uma estrat\u00e9gia focada no crescimento do teu Instagram, com base no posicionamento e objetivos do teu neg\u00f3cio tur\u00edstico. \nEste servi\u00e7o permite identificar o que est\u00e1 a bloquear o crescimento e ajustar a abordagem para aumentar alcance, intera\u00e7\u00e3o e atra\u00e7\u00e3o de potenciais clientes. \nEntrega em documento estruturado.  <br> 210\u20ac\t\t\t\t\t<\/div>\n\t\t\t\t\n\t\t\t\t\t\t\t<\/div>\n\t\t\t\t\t\t<\/div>\n\t\t\t\t\t\t<\/div>\n\t\t\t\t<\/div>\n\t\t\t\t<\/div>\n\t\t<div class=\"elementor-element elementor-element-5f0e25ca e-con-full e-flex e-con e-child\" data-id=\"5f0e25ca\" data-element_type=\"container\" data-e-type=\"container\">\n\t\t\t\t<div class=\"elementor-element elementor-element-69ece2c2 elementor-cta--layout-image-above elementor-widget__width-inherit elementor-cta--skin-classic elementor-animated-content elementor-widget elementor-widget-call-to-action\" data-id=\"69ece2c2\" data-element_type=\"widget\" data-e-type=\"widget\" data-widget_type=\"call-to-action.default\">\n\t\t\t\t<div class=\"elementor-widget-container\">\n\t\t\t\t\t\t\t<div class=\"elementor-cta\">\n\t\t\t\t\t<div class=\"elementor-cta__bg-wrapper\">\n\t\t\t\t<div class=\"elementor-cta__bg elementor-bg\" style=\"background-image: url(https:\/\/ateliertourism.pt\/wp-content\/uploads\/Design-sem-nome-3-819x1024.png);\" role=\"img\" aria-label=\"pessoa a pegar no telem\u00f3vel\"><\/div>\n\t\t\t\t<div class=\"elementor-cta__bg-overlay\"><\/div>\n\t\t\t<\/div>\n\t\t\t\t\t\t\t<div class=\"elementor-cta__content\">\n\t\t\t\t\n\t\t\t\t\t\t\t\t\t<h2 class=\"elementor-cta__title elementor-cta__content-item elementor-content-item\">\n\t\t\t\t\t\tAn\u00e1lise do Perfil Instagram\t\t\t\t\t<\/h2>\n\t\t\t\t\n\t\t\t\t\t\t\t\t\t<div class=\"elementor-cta__description elementor-cta__content-item elementor-content-item\">\n\t\t\t\t\t\tAvalia\u00e7\u00e3o do teu perfil de Instagram com foco na clareza da mensagem, posicionamento e coer\u00eancia da comunica\u00e7\u00e3o.\n\nIdentificamos pontos de melhoria e oportunidades para tornar o perfil mais estrat\u00e9gico e alinhado com o p\u00fablico que queres atrair.\n\nIdeal para quem sente que comunica, mas n\u00e3o est\u00e1 a gerar os resultados esperados.<br><b>45\u20ac<\/b>\t\t\t\t\t<\/div>\n\t\t\t\t\n\t\t\t\t\t\t\t<\/div>\n\t\t\t\t\t\t<\/div>\n\t\t\t\t\t\t<\/div>\n\t\t\t\t<\/div>\n\t\t\t\t<\/div>\n\t\t\t\t<\/div>\n\t\t\t\t\t<\/div>\n\t\t\t\t<\/div>\n\t\t\t\t<\/div>\n\t\t","protected":false},"excerpt":{"rendered":"<p>Plano de Marketing Desenvolvimento de planos de marketing ajustados \u00e0 realidade do teu neg\u00f3cio tur\u00edstico. Mais do que definir a\u00e7\u00f5es, o foco est\u00e1 em estruturar uma estrat\u00e9gia clara, com objetivos concretos e alinhada com os teus recursos. Do diagn\u00f3stico \u00e0 implementa\u00e7\u00e3o, cada decis\u00e3o \u00e9 pensada com inten\u00e7\u00e3o e foco em resultados. Estrat\u00e9gia Digital Defini\u00e7\u00e3o de [&hellip;]<\/p>\n","protected":false},"author":1,"featured_media":0,"parent":0,"menu_order":0,"comment_status":"closed","ping_status":"closed","template":"","meta":{"footnotes":""},"class_list":["post-322","page","type-page","status-publish","hentry"],"_links":{"self":[{"href":"https:\/\/ateliertourism.pt\/pt\/wp-json\/wp\/v2\/pages\/322","targetHints":{"allow":["GET"]}}],"collection":[{"href":"https:\/\/ateliertourism.pt\/pt\/wp-json\/wp\/v2\/pages"}],"about":[{"href":"https:\/\/ateliertourism.pt\/pt\/wp-json\/wp\/v2\/types\/page"}],"author":[{"embeddable":true,"href":"https:\/\/ateliertourism.pt\/pt\/wp-json\/wp\/v2\/users\/1"}],"replies":[{"embeddable":true,"href":"https:\/\/ateliertourism.pt\/pt\/wp-json\/wp\/v2\/comments?post=322"}],"version-history":[{"count":154,"href":"https:\/\/ateliertourism.pt\/pt\/wp-json\/wp\/v2\/pages\/322\/revisions"}],"predecessor-version":[{"id":1901,"href":"https:\/\/ateliertourism.pt\/pt\/wp-json\/wp\/v2\/pages\/322\/revisions\/1901"}],"wp:attachment":[{"href":"https:\/\/ateliertourism.pt\/pt\/wp-json\/wp\/v2\/media?parent=322"}],"curies":[{"name":"wp","href":"https:\/\/api.w.org\/{rel}","templated":true}]}}